{"id":33370,"date":"2022-08-11T12:41:22","date_gmt":"2022-08-11T10:41:22","guid":{"rendered":"https:\/\/dev.opaline-factory.ch\/datenschutzrichtlinie\/"},"modified":"2022-10-19T15:14:31","modified_gmt":"2022-10-19T13:14:31","slug":"datenschutzrichtlinie","status":"publish","type":"page","link":"https:\/\/dev.opaline-factory.ch\/de\/datenschutzrichtlinie\/","title":{"rendered":"Datenschutzrichtlinie"},"content":{"rendered":"\t\t<div data-elementor-type=\"wp-page\" data-elementor-id=\"33370\" class=\"elementor elementor-33370 elementor-32191\">\n\t\t\t\t\t\t\t<div class=\"elementor-element elementor-element-5178434 e-con-boxed e-con\" data-id=\"5178434\" data-element_type=\"container\" data-settings=\"{&quot;content_width&quot;:&quot;boxed&quot;}\">\n\t\t\t\t\t<div class=\"e-con-inner\">\n\t\t\t\t<div class=\"elementor-element elementor-element-2818ab5 elementor-widget elementor-widget-text-editor\" data-id=\"2818ab5\" data-element_type=\"widget\" data-widget_type=\"text-editor.default\">\n\t\t\t\t<div class=\"elementor-widget-container\">\n\t\t\t<style>\/*! elementor - v3.10.1 - 17-01-2023 *\/\n.elementor-widget-text-editor.elementor-drop-cap-view-stacked .elementor-drop-cap{background-color:#818a91;color:#fff}.elementor-widget-text-editor.elementor-drop-cap-view-framed .elementor-drop-cap{color:#818a91;border:3px solid;background-color:transparent}.elementor-widget-text-editor:not(.elementor-drop-cap-view-default) .elementor-drop-cap{margin-top:8px}.elementor-widget-text-editor:not(.elementor-drop-cap-view-default) .elementor-drop-cap-letter{width:1em;height:1em}.elementor-widget-text-editor .elementor-drop-cap{float:left;text-align:center;line-height:1;font-size:50px}.elementor-widget-text-editor .elementor-drop-cap-letter{display:inline-block}<\/style>\t\t\t\t<h2>\u00dcber uns<\/h2>\n<p>Die Adresse unserer Website lautet\u00a0: <a href=\"https:\/\/www.opaline-factory.ch\">https:\/\/www.opaline-factory.ch<\/a>.<\/p>\n<p>\u00a0<\/p>\n<h3>1.\u00a0<b>Einleitung<\/b><\/h3>\n<p>Der Schutz Ihrer personenbezogenen Daten ist eine Frage des Vertrauens, und Ihr Vertrauen ist uns sehr wichtig. Wir respektieren Ihren Privatsph\u00e4re und Sie als Person. Deshalb ist der Schutz Ihrer personenbezogenen Daten sehr wichtig f\u00fcr uns. Wir geben diese Datenschutzrichtlinie bekannt, damit Sie verstehen, was wir mit personenbezogenen Daten, die wir von Ihnen erhalten, tun k\u00f6nnen.<\/p>\n<p>Indem Sie uns Ihre personenbezogenen Daten zur Verf\u00fcgung stellen, erkl\u00e4ren Sie sich mit unserer Datenschutzrichtlinie einverstanden und stimmen zu, dass wir Ihre personenbezogenen Daten wie in dieser Datenschutzrichtlinie beschrieben sammeln, verwenden und offenlegen d\u00fcrfen. Wenn Sie diese Erkl\u00e4rung nicht akzeptieren, geben Sie uns bitte keine Kontaktinformationen.<\/p>\n<p>Es kann sein, dass wir diese Datenschutzrichtlinie von Zeit zu Zeit aktualisieren m\u00fcssen. Wir empfehlen Ihnen, diese Seite regelm\u00e4ssig aufzurufen, um sicherzustellen, dass Sie die neueste Version kennen.<\/p>\n<p>\u00a0<\/p>\n<h3>2. Verwendung der gesammelten personenbezogenen Daten<\/h3>\n<h4>2.1 Kommentare<\/h4>\n<p>Wenn Sie einen Kommentar auf unserer Website hinterlassen, werden die im Kommentarformular eingetragenen Daten, aber auch Ihre IP-Adresse und der User Agent Ihres Browsers von uns erfasst, um uns zu helfen, unerw\u00fcnschte Kommentare zu finden. <\/p>\n<p>Eine aus Ihrer E-Mail-Adresse erstellte anonymisierte Zeichenfolge (auch Hash genannt) kann an den Gravatar-Dienst gesendet werden, um zu pr\u00fcfen, ob Sie diesen Dienst verwenden. Die <a href=\"https:\/\/automattic.com\/privacy\/\" target=\"_blank\" rel=\"noopener\">Datenschutzbestimmungen<\/a> des Gravatar-Dienstes finden Sie hier. Nach der Freischaltung Ihres Kommentars wird Ihr Profilbild neben Ihrem Kommentar \u00f6ffentlich sichtbar sein.<\/p>\n<h4>2.2 Medien<\/h4>\n<p>Wenn Sie ein registrierter Benutzer\/eine registrierte Benutzerin sind und Fotos auf die Website hochladen, empfehlen wie Ihnen, das Hochladen von Bildern mit EXIF-Daten mit GPS-Koordinaten zu vermeiden. Besucher Ihrer Website k\u00f6nnen Standortdaten aus diesen Fotos herunterladen und extrahieren.<\/p>\n<h4>2.3 Kontaktformulare<\/h4>\n<h5>Cookies<\/h5>\n<p>Wenn Sie einen Kommentar auf unserer Website abgeben, wird Ihnen vorgeschlagen, Ihren Namen und Ihre E-Mail-Adresse in Cookies zu speichern. Dies geschieht nur zu Ihrer eigenen Bequemlichkeit, damit Sie diese Informationen nicht jedes Mal, wenn Sie wieder einen Kommentar abgeben, erneut eingeben m\u00fcssen. Diese Cookies laufen nach einem Jahr ab.<\/p>\n<p>Wenn Sie ein Konto haben und sich auf dieser Website einloggen, wird ein tempor\u00e4res Cookie angelegt, um festzustellen, ob Ihr Browser Cookies zul\u00e4sst. Es enth\u00e4lt keine personenbezogenen Daten und wird beim Schliessen Ihres Browsers automatisch gel\u00f6scht.<\/p>\n<p>Wenn Sie sich einloggen, installieren wir einige Cookies, um Ihre Anmeldeinformationen und Ihre bevorzugte Bildschirmeinstellung zu speichern. Die Lebensdauer eines Login-Cookies betr\u00e4gt zwei Tage, die eines Bildschirmeinstellungs-Cookies ein Jahr. Wenn Sie \u00abAnmeldeinformationen speichern\u00bb ankreuzen, wird Ihr Login-Cookie zwei Wochen lang gespeichert. Wenn Sie sich von Ihrem Konto abmelden, wird das Login-Cookie gel\u00f6scht.<\/p>\n<p>Durch die \u00c4nderung oder Ver\u00f6ffentlichung eines Beitrags wird ein zus\u00e4tzliches Cookie in Ihrem Browser gespeichert.  Dieses Cookie enth\u00e4lt keinerlei personenbezogene Daten. Es gibt lediglich die Benutzer-ID des Beitrags, den Sie gerade ge\u00e4ndert haben, an. Es verschwindet nach einem Tag.<\/p>\n<h4>2.4 Von anderen Websites eingebettete Inhalte<\/h4>\n<p>Die Beitr\u00e4ge auf dieser Website k\u00f6nnen eingebettete Inhalte enthalten (z.B. Videos, Bilder, Beitr\u00e4ge\u2026). Eingebettete Inhalte von anderen Websites verhalten sich genau so, als h\u00e4tte der Besucher auf diese andere Website zugegriffen.<\/p>\n<p>Diese Websites k\u00f6nnten Informationen \u00fcber Sie sammeln, Cookies verwenden, Tracking-Tools von Dritten einf\u00fcgen und Ihre Interaktionen mit diesen eingebetteten Inhalten nachverfolgen, wenn Sie \u00fcber ein mit ihrer Website verkn\u00fcpftes Konto verf\u00fcgen.<\/p>\n<p>\u00a0<\/p>\n<h3>3. Statistiken und Zugriffmessungen<\/h3>\n<h4>3.1 Google Analytics<\/h4>\n<p>Die Website verwendet Google Analytics, einen von Google Inc. (\u00abGoogle \u00bb) angebotenen Dienst zur Analyse von Webseiten. Google Analytics verwendet Cookies, das sind Textdateien, die auf Ihrem Computer abgesetzt werden, um uns zu helfen, die Verwendung der Website durch ihre Benutzer zu analysieren. Die von Cookies zu Ihrer Verwendung der Website erzeugten Daten (einschliesslich Ihrer IP-Adresse) werden weitergeleitet und von Google auf Servern gespeichert, die sich im Ausland befinden k\u00f6nnen, einschliesslich L\u00e4ndern, die ein niedrigeres Datenschutzniveau bieten. Google wird diese Informationen benutzen, um Ihre Nutzung der Website auszuwerten, um Berichte \u00fcber die Websiteaktivit\u00e4ten zusammenzustellen und um weitere mit der Websiteaktivit\u00e4t und der Internetnutzung verbundene Dienstleistungen zu erbringen. Google kann diese Daten an Dritte weitergeben, wenn dies gesetzlich vorgeschrieben ist oder wenn diese Dritten die Daten im Auftrag von Google verarbeiten, einschliesslich insbesondere des Herausgebers der Website. Google wird Ihre IP-Adresse nicht mit anderen Daten, die sich im Besitz von Google befinden, in Verbindung bringen. Sie k\u00f6nnen die Verwendung von Cookies deaktivieren, indem Sie in Ihrem Browser die entsprechenden Einstellungen w\u00e4hlen. Sie k\u00f6nnen die Verwendung von Google Analytics mithilfe dieses <a href=\"http:\/\/tools.google.com\/dlpage\/gaoptout\" target=\"_blank\" rel=\"noopener\">Add-ons<\/a> auch vollst\u00e4ndig deaktivieren. Durch die Nutzung dieser Website erteilen Sie Ihre ausdr\u00fcckliche Einwilligung zur Verarbeitung Ihrer personenbezogenen Daten durch Google unter den hier beschriebenen Voraussetzungen und zu den hier beschriebenen Zwecken. Sie akzeptieren dar\u00fcber hinaus auch die Google-Nutzungsbedingungen.<\/p>\n<h4>3.2 Verwendung von Facebook\/Instagram \u00abGef\u00e4llt mir\u00bb-Buttons<\/h4>\n<p>Unsere Internetseite verwendet soziale Plugins (\u00abPlugins\u00bb) des sozialen Netzwerks facebook.com, das von der Firma Meta Platforms, Inc., Menlo Park, Kalifornien, USA (\u00abMeta\u00bb) betrieben wird. Die Plugins sind zudem durch ein Facebook- oder Instagram-Logo oder durch den Vermerk \u00abFacebook Social Plugin\u00bb gekennzeichnet.<\/p>\n<p>Wenn Sie eine Seite unserer Website mit einem solchen Plugin aufrufen, stellt Ihr Internetbrowser eine direkte Verbindung mit den Servern von Meta her. Der Inhalt des Plugins wird direkt von Meta auf Ihren Internetbrowser \u00fcbertragen und von diesem in die Webseite integriert.<\/p>\n<p>Durch die Integration von Plugins wird Meta dar\u00fcber informiert, dass Sie die betreffende Seite auf unserer Website aufgerufen haben. Wenn Sie in Facebook oder Instagram eingeloggt sind, kann Meta Ihren Besuch auf unserer Website Ihrem Facebook- oder Instagram-Konto zuordnen. Wenn Sie mit den Plugins interagieren, zum Beispiel, indem Sie den \u00abGef\u00e4llt mir\u00bb-Button anklicken oder einen Kommentar abgeben, wird die entsprechende Information direkt von Ihrem Internetbroser an Meta weitergeleitet und dort gespeichert.<\/p>\n<p>Zweck und Umfang der Datenerhebung, -verarbeitung und -nutzung durch Meta sowie Ihre diesbez\u00fcglichen Rechte und Einstellungsm\u00f6glichkeiten zum Schutz Ihrer Privatsph\u00e4re entnehmen Sie bitte den Datenschutzhinweisen von Meta.<\/p>\n<p>Wenn Sie nicht m\u00f6chten, dass Meta w\u00e4hrend Ihres Besuchs auf unserer Website Daten \u00fcber Sie sammelt, m\u00fcssen Sie sich vor Ihrem Besuch unserer Website bei Facebook oder Instagram ausloggen.<\/p>\n<p>Auch wenn Sie nicht bei Facebook oder Instagram angemeldet sind, werden von Webseiten mit aktiven Facebook-Elementen Daten an Meta gesendet. Bei jedem Aufruf der Website installiert Meta ein Cookie, das zwei Jahre lang g\u00fcltig ist und das eine Seitenmarkierung enth\u00e4lt. Da Ihr Internetbrowser diese Cookies bei jeder Verbindung mit einem Facebook-Server ungefragt versendet, kann Meta prinzipiell ein Profil erstellen, das die von dem Benutzer besuchten Webseiten aufgrund der Seitenmarkierung angibt. Es ist daher auch sehr gut m\u00f6glich, diese Seitenmarkierung mit einer bestimmten Person zu verkn\u00fcpfen \u2013 beispielsweise, wenn Sie sich wieder bei Facebook oder Instagram einloggen.<\/p>\n<p>Wenn Sie nicht m\u00f6chten, dass Meta Sie betreffende Daten \u00fcber Cookies erhebt, k\u00f6nnen Sie die Funktion \u00abCookies von Dritten blockieren\u00bb in den Einstellungen Ihres Internet-Browsers deaktivieren. Dann sendet der Internet-Browser keine Cookies an den Server, wenn Inhalte Dritter in die Website eingebettet sind. Bei dieser Konfigurierung kann es jedoch sein, dass bestimmte andere interaktive Funktionen \u2013 ausser dem \u00abLike\u00bb-Button \u2013 nicht mehr richtig funktionieren.<\/p>\n<h3>\u00a0<\/h3>\n<h3>4. Verwendung und Weitergabe Ihrer personenbezogenen Daten.<\/h3>\n<h4>4.1 Speicherzeit Ihrer Daten<\/h4>\n<p>Wenn Sie einen Kommentar hinterlassen, werden der Kommentar und seine Metadaten auf unbegrenzte Zeit gespeichert. So kann man Folgekommentare automatisch erkennen und zulassen, anstatt sie in der Moderations-Warteschlange zu belassen.<\/p>\n<p>F\u00fcr die Benutzerinnen und Benutzer, die sich \u00fcber unseren Newsletter auf unserer Website anmelden, speichern wir auch die in ihrem Profil angegebenen personenbezogenen Daten.  Alle Benutzerinnen und Benutzer k\u00f6nnen jederzeit von uns verlangen, ihre personenbezogenen Daten zu l\u00f6schen, indem sie sich an die folgende E-Mail-Adresse wenden: info@opaline-factory.ch. Die Betreiber der Website k\u00f6nnen diese Angaben ebenfalls sehen und \u00e4ndern.<\/p>\n<h4>4.2 Ihre Rechte bez\u00fcglich Ihrer Daten<\/h4>\n<p>Wenn Sie ein Konto haben oder Kommentare auf der Website hinterlassen haben, k\u00f6nnen Sie beantragen, eine Datei mit allen personenbezogenen Daten, die wir \u00fcber Sie besitzen, zu erhalten, einschliesslich der Daten, die Sie uns zur Verf\u00fcgung gestellt haben. Sie k\u00f6nnen auch die L\u00f6schung der Sie betreffenden personenbezogenen Daten verlangen. Dies betrifft nicht die Daten, die zu administrativen, rechtlichen oder Sicherheitszwecken gespeichert werden. <\/p>\n<h4>4.3 \u00dcbermittlung Ihrer personenbezogenen Daten<\/h4>\n<p>Besucherkommentare k\u00f6nnen mit Hilfe eines automatisieren Dienstes zur Erkennung unerw\u00fcnschter Kommentare gepr\u00fcft werden.<\/p>\n<p>Wir leiten Ihre Daten nicht zu Werbezwecken an Dritte weiter.<\/p>\n<\/p>\n<h3>5. Sicherheit<\/h3>\n<p>Bei uns werden Ihre pers\u00f6nlichen Daten durch eine Verschl\u00fcsselung sicher \u00fcbertragen. Wir verwenden daf\u00fcr das SSL-Codiersystem (Secure Socket Layer). Niemand kann einen absoluten Schutz garantieren. Doch wir sch\u00fctzen unsere Website und unsere anderen Systeme durch technische und organisatorische Vorkehrungen gegen Verlust, Zerst\u00f6rung, Zugriff, \u00c4nderung und Verbreitung Ihrer Daten durch nicht berechtigte Personen.<\/p>\n<h4>5.1 Information der \u00d6ffentlichkeit \u00fcber die M\u00f6glichkeiten, ihre Spuren zu kontrollieren<\/h4>\n<p>Wir informieren die Internetnutzer dar\u00fcber, dass die neuesten Versionen der wichtigsten Browser nicht nur die M\u00f6glichkeit bieten, die Speicherung von Cookies abzulehnen, sondern auch Navigationssitzungen durchzuf\u00fchren, an deren Ende alle w\u00e4hrend dieser Sitzung installierten Cookies unabh\u00e4ngig von ihrer vorgesehenen Lebensdauer automatisch gel\u00f6scht werden und somit einen besseren Schutz der Spuren bieten.<\/p>\n<p>Sie k\u00f6nnen Informationen \u00fcber die Art und Weise, wie Cookies eingesetzt werden, unter der Internetadresse www.aboutcookies.org anfordern.<\/p>\n<h4>5.2 Recht auf Zugang und Berichtigung<\/h4>\n<p>Gem\u00e4ss dem Bundesdatenschutzgesetz (DSG) haben Sie ein Recht auf Information, Widerspruch, Zugang und Berichtigung der Sie betreffenden Daten.<\/p>\n<p>Sie haben daher das Recht, zu verlangen, dass die Sie betreffenden Angaben, die m\u00f6glicherweise ungenau, unvollst\u00e4ndig, mehrdeutig oder \u00fcberholt sind, berichtigt, erg\u00e4nzt, erl\u00e4utert, aktualisiert oder gel\u00f6scht werden. <\/p>\n<p>Dieses Recht kann unter folgender Adresse ausge\u00fcbt werden: info@opaline-factory.ch oder \u00fcber die Website.<\/p>\n<p>\u00a0<\/p>\n<h3>6. Rechtsgrundlagen<\/h3>\n<p>Die vorliegende Datenschutzerkl\u00e4rung beruht ausschliesslich auf dem Schweizer Bundesgesetz \u00fcber den Datenschutz (DSG)<\/p>\n\t\t\t\t\t\t<\/div>\n\t\t\t\t<\/div>\n\t\t\t\t\t<\/div>\n\t\t\t\t<\/div>\n\t\t\t\t\t\t\t<\/div>\n\t\t","protected":false},"excerpt":{"rendered":"<p>\u00dcber uns Die Adresse unserer Website lautet\u00a0: https:\/\/www.opaline-factory.ch. \u00a0 1.\u00a0Einleitung Der Schutz Ihrer personenbezogenen Daten ist eine Frage des Vertrauens, und Ihr Vertrauen ist uns sehr wichtig. Wir respektieren Ihren Privatsph\u00e4re und Sie als Person. Deshalb ist der Schutz Ihrer personenbezogenen Daten sehr wichtig f\u00fcr uns. Wir geben diese Datenschutzrichtlinie bekannt, damit Sie verstehen, was [&hellip;]<\/p>\n","protected":false},"author":1,"featured_media":0,"parent":0,"menu_order":0,"comment_status":"closed","ping_status":"closed","template":"","meta":{"footnotes":""},"class_list":["post-33370","page","type-page","status-publish","hentry"],"acf":[],"_links":{"self":[{"href":"https:\/\/dev.opaline-factory.ch\/de\/wp-json\/wp\/v2\/pages\/33370","targetHints":{"allow":["GET"]}}],"collection":[{"href":"https:\/\/dev.opaline-factory.ch\/de\/wp-json\/wp\/v2\/pages"}],"about":[{"href":"https:\/\/dev.opaline-factory.ch\/de\/wp-json\/wp\/v2\/types\/page"}],"author":[{"embeddable":true,"href":"https:\/\/dev.opaline-factory.ch\/de\/wp-json\/wp\/v2\/users\/1"}],"replies":[{"embeddable":true,"href":"https:\/\/dev.opaline-factory.ch\/de\/wp-json\/wp\/v2\/comments?post=33370"}],"version-history":[{"count":1,"href":"https:\/\/dev.opaline-factory.ch\/de\/wp-json\/wp\/v2\/pages\/33370\/revisions"}],"predecessor-version":[{"id":33371,"href":"https:\/\/dev.opaline-factory.ch\/de\/wp-json\/wp\/v2\/pages\/33370\/revisions\/33371"}],"wp:attachment":[{"href":"https:\/\/dev.opaline-factory.ch\/de\/wp-json\/wp\/v2\/media?parent=33370"}],"curies":[{"name":"wp","href":"https:\/\/api.w.org\/{rel}","templated":true}]}}